{"id":289,"date":"2024-10-09T00:00:00","date_gmt":"2023-10-09T04:41:23","guid":{"rendered":"https:\/\/wordpressthemes.live\/WCG8\/WCM187_wooti\/electronics02\/?post_type=product&#038;p=289"},"modified":"2025-06-23T10:32:54","modified_gmt":"2025-06-23T07:32:54","slug":"phonokart-usb-type-c-otg-cable","status":"publish","type":"product","link":"https:\/\/www.adakonsept.com\/?product=phonokart-usb-type-c-otg-cable","title":{"rendered":"Dikkat Elektrik Tehlikesi Levhas\u0131"},"content":{"rendered":"<div align=\"center\"><b>S\u0130PAR\u0130\u015e VERMEDEN \u00d6NCE,<\/b><\/div>\n<div align=\"center\"><\/div>\n<div align=\"center\">Malzeme ve \u00f6l\u00e7\u00fc tercihinizi mutlaka kontrol ediniz.<\/div>\n<div align=\"center\">Size \u00f6zel levha talebinde bulunuyorsan\u0131z l\u00fctfen bizimle ileti\u015fime ge\u00e7iniz.<\/div>\n<div align=\"center\"><\/div>\n<div align=\"center\"><b>Sipari\u015fleriniz en 24 saat i\u00e7inde kargoya verilmektedir. T\u00fcm levhalar\u0131m\u0131z\u0131n imalat\u0131 taraf\u0131m\u0131zdan yap\u0131lmaktad\u0131r. 4 farkl\u0131 malzeme ve 3 farkl\u0131 \u00f6l\u00e7\u00fc mevcuttur.<\/b><\/div>\n<div align=\"center\"><b>\u00a0<\/b><\/div>\n<div align=\"center\"><span style=\"color: #ff0000;\"><b>Levhalar\u0131m\u0131z\u0131n tamam\u0131 \u00e7ift tarafl\u0131 bant ile g\u00f6nderilmekte olup 2 dk i\u00e7inde uygulayabilirsiniz.<\/b><\/span><\/div>\n<div align=\"center\"><span style=\"color: #ff0000;\"><b>\u00a0<\/b><\/span><\/div>\n<div align=\"center\"><span style=\"color: #ff0000;\"><b>TEKN\u0130K DESTEK \u0130\u00c7\u0130N : 0 544 852 99 10<\/b><\/span><\/div>\n","protected":false},"excerpt":{"rendered":"<ul>\n<li>3 Farkl\u0131 \u00d6l\u00e7\u00fc<\/li>\n<li>Kaliteli,1.S\u0131n\u0131f Malzeme<\/li>\n<li>Ertesi G\u00fcn Kargo<\/li>\n<\/ul>\n","protected":false},"featured_media":922,"comment_status":"open","ping_status":"closed","template":"","meta":{"_bst_post_transparent":"default","_bst_post_title":"","_bst_post_layout":"default","_bst_post_sidebar_id":"","_bst_post_content_style":"default","_bst_post_vertical_padding":"default","_bst_post_feature":"","_bst_post_feature_position":"","_bst_post_header":false,"_bst_post_footer":false},"product_brand":[],"product_cat":[89,64,52,82,83,51],"product_tag":[],"product_brands":[],"class_list":{"0":"post-289","1":"product","2":"type-product","3":"status-publish","4":"has-post-thumbnail","6":"product_cat-bettery-chargers","7":"product_cat-our-store","8":"product_cat-reklamduba","9":"product_cat-usb-type-cable","10":"product_cat-usb-c-charger","11":"product_cat-uyarilevha","13":"first","14":"instock","15":"sale","16":"featured","17":"taxable","18":"shipping-taxable","19":"purchasable","20":"product-type-variable","21":"entry","22":"content-bg","23":"loop-entry"},"_links":{"self":[{"href":"https:\/\/www.adakonsept.com\/index.php?rest_route=\/wp\/v2\/product\/289","targetHints":{"allow":["GET"]}}],"collection":[{"href":"https:\/\/www.adakonsept.com\/index.php?rest_route=\/wp\/v2\/product"}],"about":[{"href":"https:\/\/www.adakonsept.com\/index.php?rest_route=\/wp\/v2\/types\/product"}],"replies":[{"embeddable":true,"href":"https:\/\/www.adakonsept.com\/index.php?rest_route=%2Fwp%2Fv2%2Fcomments&post=289"}],"wp:featuredmedia":[{"embeddable":true,"href":"https:\/\/www.adakonsept.com\/index.php?rest_route=\/wp\/v2\/media\/922"}],"wp:attachment":[{"href":"https:\/\/www.adakonsept.com\/index.php?rest_route=%2Fwp%2Fv2%2Fmedia&parent=289"}],"wp:term":[{"taxonomy":"product_brand","embeddable":true,"href":"https:\/\/www.adakonsept.com\/index.php?rest_route=%2Fwp%2Fv2%2Fproduct_brand&post=289"},{"taxonomy":"product_cat","embeddable":true,"href":"https:\/\/www.adakonsept.com\/index.php?rest_route=%2Fwp%2Fv2%2Fproduct_cat&post=289"},{"taxonomy":"product_tag","embeddable":true,"href":"https:\/\/www.adakonsept.com\/index.php?rest_route=%2Fwp%2Fv2%2Fproduct_tag&post=289"},{"taxonomy":"product_brands","embeddable":true,"href":"https:\/\/www.adakonsept.com\/index.php?rest_route=%2Fwp%2Fv2%2Fproduct_brands&post=289"}],"curies":[{"name":"wp","href":"https:\/\/api.w.org\/{rel}","templated":true}]}}